{"id":1287,"date":"2022-05-06T13:57:15","date_gmt":"2022-05-06T12:57:15","guid":{"rendered":"https:\/\/www.viva-lanzarote.com\/privacy-policy\/"},"modified":"2022-06-07T19:34:54","modified_gmt":"2022-06-07T18:34:54","slug":"politica-privacidad","status":"publish","type":"page","link":"https:\/\/www.viva-lanzarote.com\/en\/politica-privacidad\/","title":{"rendered":"Pol\u00edtica de privacidad"},"content":{"rendered":"&#13;\n<h3 class=\"wp-block-heading\">RESPONSABLE DEL TRATAMIENTO<\/h3>&#13;\n<p>El Responsable del Tratamiento es VISUAL FACTOR PUBLICATIONS S.L., Jos\u00e9 Marchena, 12, 35507, Tahiche (LAS PALMAS).<\/p>&#13;\n<h3>Principios de privacidad<\/h3>&#13;\n<p>Desde VISUAL FACTOR PUBLICATIONS S.L. nos comprometemos con usted a trabajar continuamente para garantizar la privacidad en el tratamiento de sus datos personales, y para ofrecerle en cada momento la informaci\u00f3n m\u00e1s completa y clara que podamos. Le animamos a leer detenidamente esta secci\u00f3n antes de facilitarnos sus datos personales.<br\/>Si usted es menor de catorce a\u00f1os le rogamos que no nos facilite sus datos sin consentimiento de sus padres.<br\/>En este apartado le informamos de c\u00f3mo tratamos los datos de las personas que tienen relaci\u00f3n con nuestra organizaci\u00f3n. Empezando por nuestros principios:<br\/>&#8211; No solicitamos informaci\u00f3n personal, a no ser que sea necesaria para prestarle los servicios que nos requiera.<br\/>&#8211; Nunca compartimos informaci\u00f3n personal con nadie, excepto para cumplir la ley, sea necesario para prestarle el servicio o contemos con su autorizaci\u00f3n expresa.<br\/>&#8211; Nunca utilizaremos sus datos personales para finalidades distintas a las expresadas en la presente pol\u00edtica de privacidad.<br\/>&#8211; Sus datos siempre ser\u00e1n tratados con un nivel de protecci\u00f3n adecuado a la legislaci\u00f3n en materia de protecci\u00f3n de datos, y no los someteremos a decisiones automatizadas sin informarle expresamente.<br\/><br\/>La presente pol\u00edtica de privacidad la hemos redactado teniendo en cuenta las exigencias de la actual legislaci\u00f3n de protecci\u00f3n de datos:<br\/>&#8211; Reglamento (UE) 2016\/679 del Parlamento Europeo y del Consejo de 27 de abril de 2016 relativo a la protecci\u00f3n de las personas f\u00edsicas (RGPD).<br\/>&#8211; Ley Org\u00e1nica 3\/2018, de 5 de diciembre, de Protecci\u00f3n de Datos de Car\u00e1cter Personal y garant\u00eda de los derechos digitales (LOPD).<br\/>&#8211; Real Decreto 1720\/2007, de 21 de diciembre (RLOPD).<br\/><br\/>Esta pol\u00edtica de privacidad est\u00e1 redactada con fecha 6 de diciembre de 2018.<br\/>Con motivo de la modificaci\u00f3n de criterios de tratamiento, en aras de facilitar su comprensi\u00f3n o de adaptarla a la legalidad vigente, es posible que modifiquemos la presente pol\u00edtica de privacidad. Actualizaremos la fecha de la misma, para que usted pueda comprobar su vigencia.<\/p>&#13;\n<h3>Tratamientos que realizamos<\/h3>&#13;\n<p>TRATAMIENTO DE <b>CONTACTOS<\/b><br\/><b>Finalidad:<\/b>\u00a0Atender tus solicitudes, peticiones o consultas recibidas desde la web, mediante correo electr\u00f3nico o telef\u00f3nico. Dar respuesta a tu solicitud y hacer un seguimiento posterior.<br\/><b>Legitimaci\u00f3n:<\/b>\u00a0Consentimiento del interesado.<br\/><b>Destinatarios:<\/b>\u00a0No se ceder\u00e1n datos a terceros.<br\/><b>Periodo de conservaci\u00f3n:<\/b>\u00a0Conservaremos tus datos durante el tiempo necesario para cumplir con la finalidad para la que se ha recabado y para determinar las posibles responsabilidades que se pudieran derivar de dicha finalidad y del tratamiento de los datos.<br\/><br\/>TRATAMIENTO DE\u00a0<b>CLIENTES<\/b><br\/><b>Finalidad:<\/b>\u00a0Gestionar las relaciones con los clientes, facturaci\u00f3n y cobro. Env\u00edo de ofertas de productos\/ servicios similares o complementarios de los que nos hayas comprado.<br\/><b>Legitimaci\u00f3n:<\/b>\u00a0Relaci\u00f3n contractual e inter\u00e9s leg\u00edtimo.<br\/><b>Destinatarios:<\/b>\u00a0Tus datos ser\u00e1n comunicados a las Administraciones p\u00fablicas competentes en los casos previstos en la legislaci\u00f3n vigente, y con los fines que dicha legislaci\u00f3n establezca. S\u00f3lo los comunicaremos a aquellos terceros si resultan imprescindibles para la prestaci\u00f3n del servicio.<br\/><b>Periodo de conservaci\u00f3n:<\/b>\u00a0Conservaremos tus datos por un tiempo indefinido una vez finalice el plazo obligatorio por ley, o hasta que solicites la cancelaci\u00f3n de los mismos.<br\/><br\/>TRATAMIENTO DE\u00a0<b>MARKETING<\/b><br\/><b>Finalidad:<\/b>\u00a0Proporcionarte informaci\u00f3n de productos y servicios que consideremos que puedan ser de tu inter\u00e9s. En cada comunicaci\u00f3n comercial tendr\u00e1s la oportunidad de oponerte a este tratamiento d\u00e1ndote de baja.<br\/><b>Legitimaci\u00f3n:<\/b>\u00a0Consentimiento del interesado.<br\/><b>Destinatarios:<\/b>\u00a0No se ceder\u00e1n datos a terceros.<br\/><b>Periodo de conservaci\u00f3n:<\/b>\u00a0Conservaremos tus datos durante un periodo indefinido. Los cancelaremos si lo solicitas, o si tras un cierto n\u00famero de correos electr\u00f3nicos, no realizas ninguna acci\u00f3n.<br\/><br\/>TRATAMIENTO DE\u00a0<b>RRHH<\/b><br\/><b>Finalidad:<\/b>\u00a0Valorar el curriculum vitae que nos facilites para considerarte en los procesos de selecci\u00f3n de personal que podamos realizar.<br\/><b>Legitimaci\u00f3n:<\/b>\u00a0Consentimiento del interesado.<br\/><b>Destinatarios:<\/b>\u00a0No se ceder\u00e1n datos a terceros.<br\/><b>Periodo de conservaci\u00f3n:<\/b> Conservaremos tus datos durante un plazo no superior a 5 a\u00f1os.<\/p>&#13;\n<h3>SUS DERECHOS<\/h3>&#13;\n<p>Tiene derecho a solicitarnos una copia de sus datos personales, a rectificar los datos inexactos o completarlos si estuvieren incompletos, o en su caso suprimirlos, cuando ya no sean necesarios para los fines para los que fueron recogidos.<br\/><br\/>Tambi\u00e9n tiene derecho a limitar el tratamiento de sus datos personales y a obtener sus datos personales en un formato estructurado y legible.<br\/><br\/>Puede oponerse al tratamiento de sus datos personales en algunas circunstancias (en particular, cuando no tengamos que procesarlos para cumplir con un requisito contractual u otro requisito legal, o cuando el objeto del tratamiento sea el marketing directo).<br\/><br\/>Cuando nos haya otorgado su consentimiento, podr\u00e1 retirarlo en cualquier momento. En ese momento dejaremos de tratar sus datos o, en su caso, dejaremos de hacerlo para esa finalidad en concreto. Si decide retirar su consentimiento, esto no afectar\u00e1 a ning\u00fan tratamiento que haya tenido lugar mientras su consentimiento estaba vigente.<br\/><br\/>Estos derechos podr\u00e1n verse limitados; por ejemplo si para cumplir su solicitud tuvi\u00e9semos que revelar datos sobre otra persona, o si nos solicita que eliminemos algunos registros que estamos obligados a mantener por una obligaci\u00f3n legal o por un inter\u00e9s leg\u00edtimo, como pueda ser el ejercicio de defensa ante reclamaciones. O incluso en aquellos casos donde debe prevalecer el derecho a la libertad de expresi\u00f3n e informaci\u00f3n.<br\/><br\/>Puede contactar con nosotros por cualquiera de los medios indicados en el apartado Responsable del Tratamiento de esta pol\u00edtica de privacidad, aportando una copia de un documento que acredite su identidad (normalmente el DNI). La forma m\u00e1s c\u00f3moda de ejercer sus derechos es accediendo a nuestro PORTAL DE DERECHOS:\u00a0<a href=\"https:\/\/www.adelopd.com\/portalderechos\/viva-lanzarote\" target=\"_blank\" rel=\"noopener\">https:\/\/www.adelopd.com\/portalderechos\/viva-lanzarote<\/a>.<br\/><br\/>Otro de sus derechos es el de no ser objeto de una decisi\u00f3n basada \u00fanicamente en un tratamiento automatizado, incluida la elaboraci\u00f3n de perfiles que produzca efectos jur\u00eddicos o le afecte.<br\/><br\/>Frente a cualquier vulneraci\u00f3n de sus derechos, como, por ejemplo, que no hayamos atendido su solicitud, tiene derecho a presentar una reclamaci\u00f3n ante la Autoridad de Control en materia de protecci\u00f3n de datos. Esta puede ser la de su pa\u00eds (si usted vive fuera de Espa\u00f1a) o la Agencia Espa\u00f1ola de Protecci\u00f3n de Datos (si usted vive en Espa\u00f1a).<\/p>&#13;\n<h3>Informaci\u00f3n adicional<\/h3>&#13;\n<p><b>Tratamiento de sus datos fuera del Espacio Econ\u00f3mico Europeo.<\/b><br\/><br\/><b>Enlaces a sitios web de terceros.<\/b><br\/>Nuestro sitio web puede, en algunas ocasiones, contener enlaces hacia otros sitios web. Es su responsabilidad asegurarse de leer la pol\u00edtica de protecci\u00f3n de datos y las condiciones legales que se apliquen a cada sitio.<br\/><br\/><b>Datos de terceros.<\/b><br\/>Si usted nos facilita datos de terceros, asume la responsabilidad de informarles previamente seg\u00fan lo establecido en el art\u00edculo 14 del RGPD.<br\/><br\/><\/p>&#13;\n","protected":false},"excerpt":{"rendered":"<p>&#13; RESPONSABLE DEL TRATAMIENTO &#13; El Responsable del Tratamiento es VISUAL FACTOR PUBLICATIONS S.L., Jos\u00e9 Marchena, 12, 35507, Tahiche (LAS PALMAS). &#13; Principios de privacidad &#13; Desde VISUAL FACTOR PUBLICATIONS [&hellip;]<\/p>\n","protected":false},"author":1,"featured_media":0,"parent":0,"menu_order":0,"comment_status":"closed","ping_status":"closed","template":"","meta":{"footnotes":""},"yoast_head":"<!-- This site is optimized with the Yoast SEO plugin v24.1 - https:\/\/yoast.com\/wordpress\/plugins\/seo\/ -->\n<title>Pol\u00edtica de privacidad - Viva Lanzarote<\/title>\n<meta name=\"robots\" content=\"index, follow, max-snippet:-1, max-image-preview:large, max-video-preview:-1\" \/>\n<link rel=\"canonical\" href=\"https:\/\/www.viva-lanzarote.com\/en\/politica-privacidad\/\" \/>\n<meta property=\"og:locale\" content=\"en_US\" \/>\n<meta property=\"og:type\" content=\"article\" \/>\n<meta property=\"og:title\" content=\"Pol\u00edtica de privacidad - Viva Lanzarote\" \/>\n<meta property=\"og:description\" content=\"&#013; RESPONSABLE DEL TRATAMIENTO &#013; El Responsable del Tratamiento es VISUAL FACTOR PUBLICATIONS S.L., Jos\u00e9 Marchena, 12, 35507, Tahiche (LAS PALMAS). &#013; Principios de privacidad &#013; Desde VISUAL FACTOR PUBLICATIONS [&hellip;]\" \/>\n<meta property=\"og:url\" content=\"https:\/\/www.viva-lanzarote.com\/en\/politica-privacidad\/\" \/>\n<meta property=\"og:site_name\" content=\"Viva Lanzarote\" \/>\n<meta property=\"article:publisher\" content=\"https:\/\/www.facebook.com\/vivalanzaroterevista\/\" \/>\n<meta property=\"article:modified_time\" content=\"2022-06-07T18:34:54+00:00\" \/>\n<meta name=\"twitter:card\" content=\"summary_large_image\" \/>\n<meta name=\"twitter:label1\" content=\"Est. reading time\" \/>\n\t<meta name=\"twitter:data1\" content=\"6 minutes\" \/>\n<script type=\"application\/ld+json\" class=\"yoast-schema-graph\">{\"@context\":\"https:\/\/schema.org\",\"@graph\":[{\"@type\":\"WebPage\",\"@id\":\"https:\/\/www.viva-lanzarote.com\/en\/politica-privacidad\/\",\"url\":\"https:\/\/www.viva-lanzarote.com\/en\/politica-privacidad\/\",\"name\":\"Pol\u00edtica de privacidad - Viva Lanzarote\",\"isPartOf\":{\"@id\":\"https:\/\/www.viva-lanzarote.com\/en\/#website\"},\"datePublished\":\"2022-05-06T12:57:15+00:00\",\"dateModified\":\"2022-06-07T18:34:54+00:00\",\"breadcrumb\":{\"@id\":\"https:\/\/www.viva-lanzarote.com\/en\/politica-privacidad\/#breadcrumb\"},\"inLanguage\":\"en-US\",\"potentialAction\":[{\"@type\":\"ReadAction\",\"target\":[\"https:\/\/www.viva-lanzarote.com\/en\/politica-privacidad\/\"]}]},{\"@type\":\"BreadcrumbList\",\"@id\":\"https:\/\/www.viva-lanzarote.com\/en\/politica-privacidad\/#breadcrumb\",\"itemListElement\":[{\"@type\":\"ListItem\",\"position\":1,\"name\":\"Portada\",\"item\":\"https:\/\/www.viva-lanzarote.com\/en\/home\/\"},{\"@type\":\"ListItem\",\"position\":2,\"name\":\"Pol\u00edtica de privacidad\"}]},{\"@type\":\"WebSite\",\"@id\":\"https:\/\/www.viva-lanzarote.com\/en\/#website\",\"url\":\"https:\/\/www.viva-lanzarote.com\/en\/\",\"name\":\"Viva Lanzarote\",\"description\":\"Viva Lanzarote is the leading magazine in Lanzarote. Bilingual and high quality. We have the largest distribution and number of copies in Lanzarote. Printed and digital. Enjoy it!\",\"publisher\":{\"@id\":\"https:\/\/www.viva-lanzarote.com\/en\/#organization\"},\"potentialAction\":[{\"@type\":\"SearchAction\",\"target\":{\"@type\":\"EntryPoint\",\"urlTemplate\":\"https:\/\/www.viva-lanzarote.com\/en\/?s={search_term_string}\"},\"query-input\":{\"@type\":\"PropertyValueSpecification\",\"valueRequired\":true,\"valueName\":\"search_term_string\"}}],\"inLanguage\":\"en-US\"},{\"@type\":\"Organization\",\"@id\":\"https:\/\/www.viva-lanzarote.com\/en\/#organization\",\"name\":\"Viva Lanzarote\",\"url\":\"https:\/\/www.viva-lanzarote.com\/en\/\",\"logo\":{\"@type\":\"ImageObject\",\"inLanguage\":\"en-US\",\"@id\":\"https:\/\/www.viva-lanzarote.com\/en\/#\/schema\/logo\/image\/\",\"url\":\"https:\/\/www.viva-lanzarote.com\/wp-content\/uploads\/2021\/10\/viva-lanzarote-logotipo-inicio.jpg\",\"contentUrl\":\"https:\/\/www.viva-lanzarote.com\/wp-content\/uploads\/2021\/10\/viva-lanzarote-logotipo-inicio.jpg\",\"width\":400,\"height\":324,\"caption\":\"Viva Lanzarote\"},\"image\":{\"@id\":\"https:\/\/www.viva-lanzarote.com\/en\/#\/schema\/logo\/image\/\"},\"sameAs\":[\"https:\/\/www.facebook.com\/vivalanzaroterevista\/\",\"https:\/\/www.instagram.com\/viva_lanzarote_revista\/\",\"https:\/\/www.youtube.com\/channel\/UC72l0ykvf7J5jYBmmzx7-YA\"]}]}<\/script>\n<!-- \/ Yoast SEO plugin. -->","yoast_head_json":{"title":"Pol\u00edtica de privacidad - Viva Lanzarote","robots":{"index":"index","follow":"follow","max-snippet":"max-snippet:-1","max-image-preview":"max-image-preview:large","max-video-preview":"max-video-preview:-1"},"canonical":"https:\/\/www.viva-lanzarote.com\/en\/politica-privacidad\/","og_locale":"en_US","og_type":"article","og_title":"Pol\u00edtica de privacidad - Viva Lanzarote","og_description":"&#13; RESPONSABLE DEL TRATAMIENTO &#13; El Responsable del Tratamiento es VISUAL FACTOR PUBLICATIONS S.L., Jos\u00e9 Marchena, 12, 35507, Tahiche (LAS PALMAS). &#13; Principios de privacidad &#13; Desde VISUAL FACTOR PUBLICATIONS [&hellip;]","og_url":"https:\/\/www.viva-lanzarote.com\/en\/politica-privacidad\/","og_site_name":"Viva Lanzarote","article_publisher":"https:\/\/www.facebook.com\/vivalanzaroterevista\/","article_modified_time":"2022-06-07T18:34:54+00:00","twitter_card":"summary_large_image","twitter_misc":{"Est. reading time":"6 minutes"},"schema":{"@context":"https:\/\/schema.org","@graph":[{"@type":"WebPage","@id":"https:\/\/www.viva-lanzarote.com\/en\/politica-privacidad\/","url":"https:\/\/www.viva-lanzarote.com\/en\/politica-privacidad\/","name":"Pol\u00edtica de privacidad - Viva Lanzarote","isPartOf":{"@id":"https:\/\/www.viva-lanzarote.com\/en\/#website"},"datePublished":"2022-05-06T12:57:15+00:00","dateModified":"2022-06-07T18:34:54+00:00","breadcrumb":{"@id":"https:\/\/www.viva-lanzarote.com\/en\/politica-privacidad\/#breadcrumb"},"inLanguage":"en-US","potentialAction":[{"@type":"ReadAction","target":["https:\/\/www.viva-lanzarote.com\/en\/politica-privacidad\/"]}]},{"@type":"BreadcrumbList","@id":"https:\/\/www.viva-lanzarote.com\/en\/politica-privacidad\/#breadcrumb","itemListElement":[{"@type":"ListItem","position":1,"name":"Portada","item":"https:\/\/www.viva-lanzarote.com\/en\/home\/"},{"@type":"ListItem","position":2,"name":"Pol\u00edtica de privacidad"}]},{"@type":"WebSite","@id":"https:\/\/www.viva-lanzarote.com\/en\/#website","url":"https:\/\/www.viva-lanzarote.com\/en\/","name":"Viva Lanzarote","description":"Viva Lanzarote is the leading magazine in Lanzarote. Bilingual and high quality. We have the largest distribution and number of copies in Lanzarote. Printed and digital. Enjoy it!","publisher":{"@id":"https:\/\/www.viva-lanzarote.com\/en\/#organization"},"potentialAction":[{"@type":"SearchAction","target":{"@type":"EntryPoint","urlTemplate":"https:\/\/www.viva-lanzarote.com\/en\/?s={search_term_string}"},"query-input":{"@type":"PropertyValueSpecification","valueRequired":true,"valueName":"search_term_string"}}],"inLanguage":"en-US"},{"@type":"Organization","@id":"https:\/\/www.viva-lanzarote.com\/en\/#organization","name":"Viva Lanzarote","url":"https:\/\/www.viva-lanzarote.com\/en\/","logo":{"@type":"ImageObject","inLanguage":"en-US","@id":"https:\/\/www.viva-lanzarote.com\/en\/#\/schema\/logo\/image\/","url":"https:\/\/www.viva-lanzarote.com\/wp-content\/uploads\/2021\/10\/viva-lanzarote-logotipo-inicio.jpg","contentUrl":"https:\/\/www.viva-lanzarote.com\/wp-content\/uploads\/2021\/10\/viva-lanzarote-logotipo-inicio.jpg","width":400,"height":324,"caption":"Viva Lanzarote"},"image":{"@id":"https:\/\/www.viva-lanzarote.com\/en\/#\/schema\/logo\/image\/"},"sameAs":["https:\/\/www.facebook.com\/vivalanzaroterevista\/","https:\/\/www.instagram.com\/viva_lanzarote_revista\/","https:\/\/www.youtube.com\/channel\/UC72l0ykvf7J5jYBmmzx7-YA"]}]}},"_links":{"self":[{"href":"https:\/\/www.viva-lanzarote.com\/en\/wp-json\/wp\/v2\/pages\/1287"}],"collection":[{"href":"https:\/\/www.viva-lanzarote.com\/en\/wp-json\/wp\/v2\/pages"}],"about":[{"href":"https:\/\/www.viva-lanzarote.com\/en\/wp-json\/wp\/v2\/types\/page"}],"author":[{"embeddable":true,"href":"https:\/\/www.viva-lanzarote.com\/en\/wp-json\/wp\/v2\/users\/1"}],"replies":[{"embeddable":true,"href":"https:\/\/www.viva-lanzarote.com\/en\/wp-json\/wp\/v2\/comments?post=1287"}],"version-history":[{"count":3,"href":"https:\/\/www.viva-lanzarote.com\/en\/wp-json\/wp\/v2\/pages\/1287\/revisions"}],"predecessor-version":[{"id":1697,"href":"https:\/\/www.viva-lanzarote.com\/en\/wp-json\/wp\/v2\/pages\/1287\/revisions\/1697"}],"wp:attachment":[{"href":"https:\/\/www.viva-lanzarote.com\/en\/wp-json\/wp\/v2\/media?parent=1287"}],"curies":[{"name":"wp","href":"https:\/\/api.w.org\/{rel}","templated":true}]}}