{"id":1285,"date":"2022-05-06T13:51:58","date_gmt":"2022-05-06T12:51:58","guid":{"rendered":"https:\/\/www.viva-lanzarote.com\/legal-warning\/"},"modified":"2022-06-07T19:34:28","modified_gmt":"2022-06-07T18:34:28","slug":"aviso-legal","status":"publish","type":"page","link":"https:\/\/www.viva-lanzarote.com\/en\/aviso-legal\/","title":{"rendered":"Aviso legal"},"content":{"rendered":"<p>El responsable de esta p\u00e1gina web es: VISUAL FACTOR PUBLICATIONS S.L., sociedad inscrita en el Registro Mercantil de Lanzarote tomo 505 folio 43 hoja IL-12457, con C.I.F. B76347426 y domicilio social en Jos\u00e9 Marchena, 12,35507, Tahiche (LAS PALMAS).<\/p>\n<p>Tambi\u00e9n puedes contactar con nosotros a trav\u00e9s del n\u00famero de tel\u00e9fono N\u00ba 643804400 o a trav\u00e9s de la siguiente direcci\u00f3n de e-mail:<a href=\"mailto:info@viva-lanzarote.com\">info@viva-lanzarote.com<\/a><\/p>\n<p><strong>Propiedad Intelectual e Industrial<\/strong><\/p>\n<p>El dise\u00f1o de este sitio web y sus c\u00f3digos fuente, as\u00ed como los logos, marcas y dem\u00e1s signos distintivos que aparecen en el mismo pertenecen a VISUAL FACTOR PUBLICATIONS S.L. y est\u00e1n protegidos por los correspondientes derechos de propiedad intelectual e industrial.<\/p>\n<p><strong>Responsabilidad de los contenidos<\/strong><\/p>\n<p>VISUAL FACTOR PUBLICATIONS S.L. no se hace responsable de la legalidad de otros sitios web de terceros desde los que pueda accederse a esta web. VISUAL FACTOR PUBLICATIONS S.L. tampoco responde por la legalidad de otros sitios web de terceros, que pudieran estar vinculados o enlazados desde esta web.<\/p>\n<p>VISUAL FACTOR PUBLICATIONS S.L. se reserva el derecho a realizar cambios en el sitio web sin previo aviso, al objeto de mantener actualizada su informaci\u00f3n, a\u00f1adiendo, modificando, corrigiendo o eliminando los contenidos publicados o el dise\u00f1o del portal.<\/p>\n<p>VISUAL FACTOR PUBLICATIONS S.L. no ser\u00e1 responsable del uso que terceros hagan de la informaci\u00f3n publicada en el portal, ni tampoco de los da\u00f1os sufridos o p\u00e9rdidas econ\u00f3micas que, de forma directa o indirecta, produzcan o puedan producir perjuicios econ\u00f3micos, materiales o sobre datos, provocados por el uso de dicha informaci\u00f3n.<\/p>\n<p><strong>Reproducci\u00f3n de contenidos<\/strong><\/p>\n<p>Se proh\u00edbe la reproducci\u00f3n total o parcial de los contenidos publicados en esta web sin la autorizaci\u00f3n previa y por escrito de VISUAL FACTOR PUBLICATIONS S.L.<\/p>\n<p>Toda la informaci\u00f3n relativa a privacidad, la tienes en nuestra <a href=\"https:\/\/www.viva-lanzarote.com\/en\/politica-privacidad\/\">Pol\u00edtica de Privacidad<\/a>.<\/p>\n","protected":false},"excerpt":{"rendered":"<p>El responsable de esta p\u00e1gina web es: VISUAL FACTOR PUBLICATIONS S.L., sociedad inscrita en el Registro Mercantil de Lanzarote tomo 505 folio 43 hoja IL-12457, con C.I.F. B76347426 y domicilio [&hellip;]<\/p>\n","protected":false},"author":1,"featured_media":0,"parent":0,"menu_order":0,"comment_status":"closed","ping_status":"closed","template":"","meta":{"footnotes":""},"yoast_head":"<!-- This site is optimized with the Yoast SEO plugin v24.1 - https:\/\/yoast.com\/wordpress\/plugins\/seo\/ -->\n<title>Aviso legal - Viva Lanzarote<\/title>\n<meta name=\"robots\" content=\"index, follow, max-snippet:-1, max-image-preview:large, max-video-preview:-1\" \/>\n<link rel=\"canonical\" href=\"https:\/\/www.viva-lanzarote.com\/en\/aviso-legal\/\" \/>\n<meta property=\"og:locale\" content=\"en_US\" \/>\n<meta property=\"og:type\" content=\"article\" \/>\n<meta property=\"og:title\" content=\"Aviso legal - Viva Lanzarote\" \/>\n<meta property=\"og:description\" content=\"El responsable de esta p\u00e1gina web es: VISUAL FACTOR PUBLICATIONS S.L., sociedad inscrita en el Registro Mercantil de Lanzarote tomo 505 folio 43 hoja IL-12457, con C.I.F. B76347426 y domicilio [&hellip;]\" \/>\n<meta property=\"og:url\" content=\"https:\/\/www.viva-lanzarote.com\/en\/aviso-legal\/\" \/>\n<meta property=\"og:site_name\" content=\"Viva Lanzarote\" \/>\n<meta property=\"article:publisher\" content=\"https:\/\/www.facebook.com\/vivalanzaroterevista\/\" \/>\n<meta property=\"article:modified_time\" content=\"2022-06-07T18:34:28+00:00\" \/>\n<meta name=\"twitter:card\" content=\"summary_large_image\" \/>\n<meta name=\"twitter:label1\" content=\"Est. reading time\" \/>\n\t<meta name=\"twitter:data1\" content=\"2 minutes\" \/>\n<script type=\"application\/ld+json\" class=\"yoast-schema-graph\">{\"@context\":\"https:\/\/schema.org\",\"@graph\":[{\"@type\":\"WebPage\",\"@id\":\"https:\/\/www.viva-lanzarote.com\/en\/aviso-legal\/\",\"url\":\"https:\/\/www.viva-lanzarote.com\/en\/aviso-legal\/\",\"name\":\"Aviso legal - Viva Lanzarote\",\"isPartOf\":{\"@id\":\"https:\/\/www.viva-lanzarote.com\/en\/#website\"},\"datePublished\":\"2022-05-06T12:51:58+00:00\",\"dateModified\":\"2022-06-07T18:34:28+00:00\",\"breadcrumb\":{\"@id\":\"https:\/\/www.viva-lanzarote.com\/en\/aviso-legal\/#breadcrumb\"},\"inLanguage\":\"en-US\",\"potentialAction\":[{\"@type\":\"ReadAction\",\"target\":[\"https:\/\/www.viva-lanzarote.com\/en\/aviso-legal\/\"]}]},{\"@type\":\"BreadcrumbList\",\"@id\":\"https:\/\/www.viva-lanzarote.com\/en\/aviso-legal\/#breadcrumb\",\"itemListElement\":[{\"@type\":\"ListItem\",\"position\":1,\"name\":\"Portada\",\"item\":\"https:\/\/www.viva-lanzarote.com\/en\/home\/\"},{\"@type\":\"ListItem\",\"position\":2,\"name\":\"Aviso legal\"}]},{\"@type\":\"WebSite\",\"@id\":\"https:\/\/www.viva-lanzarote.com\/en\/#website\",\"url\":\"https:\/\/www.viva-lanzarote.com\/en\/\",\"name\":\"Viva Lanzarote\",\"description\":\"Viva Lanzarote is the leading magazine in Lanzarote. Bilingual and high quality. We have the largest distribution and number of copies in Lanzarote. Printed and digital. Enjoy it!\",\"publisher\":{\"@id\":\"https:\/\/www.viva-lanzarote.com\/en\/#organization\"},\"potentialAction\":[{\"@type\":\"SearchAction\",\"target\":{\"@type\":\"EntryPoint\",\"urlTemplate\":\"https:\/\/www.viva-lanzarote.com\/en\/?s={search_term_string}\"},\"query-input\":{\"@type\":\"PropertyValueSpecification\",\"valueRequired\":true,\"valueName\":\"search_term_string\"}}],\"inLanguage\":\"en-US\"},{\"@type\":\"Organization\",\"@id\":\"https:\/\/www.viva-lanzarote.com\/en\/#organization\",\"name\":\"Viva Lanzarote\",\"url\":\"https:\/\/www.viva-lanzarote.com\/en\/\",\"logo\":{\"@type\":\"ImageObject\",\"inLanguage\":\"en-US\",\"@id\":\"https:\/\/www.viva-lanzarote.com\/en\/#\/schema\/logo\/image\/\",\"url\":\"https:\/\/www.viva-lanzarote.com\/wp-content\/uploads\/2021\/10\/viva-lanzarote-logotipo-inicio.jpg\",\"contentUrl\":\"https:\/\/www.viva-lanzarote.com\/wp-content\/uploads\/2021\/10\/viva-lanzarote-logotipo-inicio.jpg\",\"width\":400,\"height\":324,\"caption\":\"Viva Lanzarote\"},\"image\":{\"@id\":\"https:\/\/www.viva-lanzarote.com\/en\/#\/schema\/logo\/image\/\"},\"sameAs\":[\"https:\/\/www.facebook.com\/vivalanzaroterevista\/\",\"https:\/\/www.instagram.com\/viva_lanzarote_revista\/\",\"https:\/\/www.youtube.com\/channel\/UC72l0ykvf7J5jYBmmzx7-YA\"]}]}<\/script>\n<!-- \/ Yoast SEO plugin. -->","yoast_head_json":{"title":"Aviso legal - Viva Lanzarote","robots":{"index":"index","follow":"follow","max-snippet":"max-snippet:-1","max-image-preview":"max-image-preview:large","max-video-preview":"max-video-preview:-1"},"canonical":"https:\/\/www.viva-lanzarote.com\/en\/aviso-legal\/","og_locale":"en_US","og_type":"article","og_title":"Aviso legal - Viva Lanzarote","og_description":"El responsable de esta p\u00e1gina web es: VISUAL FACTOR PUBLICATIONS S.L., sociedad inscrita en el Registro Mercantil de Lanzarote tomo 505 folio 43 hoja IL-12457, con C.I.F. B76347426 y domicilio [&hellip;]","og_url":"https:\/\/www.viva-lanzarote.com\/en\/aviso-legal\/","og_site_name":"Viva Lanzarote","article_publisher":"https:\/\/www.facebook.com\/vivalanzaroterevista\/","article_modified_time":"2022-06-07T18:34:28+00:00","twitter_card":"summary_large_image","twitter_misc":{"Est. reading time":"2 minutes"},"schema":{"@context":"https:\/\/schema.org","@graph":[{"@type":"WebPage","@id":"https:\/\/www.viva-lanzarote.com\/en\/aviso-legal\/","url":"https:\/\/www.viva-lanzarote.com\/en\/aviso-legal\/","name":"Aviso legal - Viva Lanzarote","isPartOf":{"@id":"https:\/\/www.viva-lanzarote.com\/en\/#website"},"datePublished":"2022-05-06T12:51:58+00:00","dateModified":"2022-06-07T18:34:28+00:00","breadcrumb":{"@id":"https:\/\/www.viva-lanzarote.com\/en\/aviso-legal\/#breadcrumb"},"inLanguage":"en-US","potentialAction":[{"@type":"ReadAction","target":["https:\/\/www.viva-lanzarote.com\/en\/aviso-legal\/"]}]},{"@type":"BreadcrumbList","@id":"https:\/\/www.viva-lanzarote.com\/en\/aviso-legal\/#breadcrumb","itemListElement":[{"@type":"ListItem","position":1,"name":"Portada","item":"https:\/\/www.viva-lanzarote.com\/en\/home\/"},{"@type":"ListItem","position":2,"name":"Aviso legal"}]},{"@type":"WebSite","@id":"https:\/\/www.viva-lanzarote.com\/en\/#website","url":"https:\/\/www.viva-lanzarote.com\/en\/","name":"Viva Lanzarote","description":"Viva Lanzarote is the leading magazine in Lanzarote. Bilingual and high quality. We have the largest distribution and number of copies in Lanzarote. Printed and digital. Enjoy it!","publisher":{"@id":"https:\/\/www.viva-lanzarote.com\/en\/#organization"},"potentialAction":[{"@type":"SearchAction","target":{"@type":"EntryPoint","urlTemplate":"https:\/\/www.viva-lanzarote.com\/en\/?s={search_term_string}"},"query-input":{"@type":"PropertyValueSpecification","valueRequired":true,"valueName":"search_term_string"}}],"inLanguage":"en-US"},{"@type":"Organization","@id":"https:\/\/www.viva-lanzarote.com\/en\/#organization","name":"Viva Lanzarote","url":"https:\/\/www.viva-lanzarote.com\/en\/","logo":{"@type":"ImageObject","inLanguage":"en-US","@id":"https:\/\/www.viva-lanzarote.com\/en\/#\/schema\/logo\/image\/","url":"https:\/\/www.viva-lanzarote.com\/wp-content\/uploads\/2021\/10\/viva-lanzarote-logotipo-inicio.jpg","contentUrl":"https:\/\/www.viva-lanzarote.com\/wp-content\/uploads\/2021\/10\/viva-lanzarote-logotipo-inicio.jpg","width":400,"height":324,"caption":"Viva Lanzarote"},"image":{"@id":"https:\/\/www.viva-lanzarote.com\/en\/#\/schema\/logo\/image\/"},"sameAs":["https:\/\/www.facebook.com\/vivalanzaroterevista\/","https:\/\/www.instagram.com\/viva_lanzarote_revista\/","https:\/\/www.youtube.com\/channel\/UC72l0ykvf7J5jYBmmzx7-YA"]}]}},"_links":{"self":[{"href":"https:\/\/www.viva-lanzarote.com\/en\/wp-json\/wp\/v2\/pages\/1285"}],"collection":[{"href":"https:\/\/www.viva-lanzarote.com\/en\/wp-json\/wp\/v2\/pages"}],"about":[{"href":"https:\/\/www.viva-lanzarote.com\/en\/wp-json\/wp\/v2\/types\/page"}],"author":[{"embeddable":true,"href":"https:\/\/www.viva-lanzarote.com\/en\/wp-json\/wp\/v2\/users\/1"}],"replies":[{"embeddable":true,"href":"https:\/\/www.viva-lanzarote.com\/en\/wp-json\/wp\/v2\/comments?post=1285"}],"version-history":[{"count":3,"href":"https:\/\/www.viva-lanzarote.com\/en\/wp-json\/wp\/v2\/pages\/1285\/revisions"}],"predecessor-version":[{"id":1696,"href":"https:\/\/www.viva-lanzarote.com\/en\/wp-json\/wp\/v2\/pages\/1285\/revisions\/1696"}],"wp:attachment":[{"href":"https:\/\/www.viva-lanzarote.com\/en\/wp-json\/wp\/v2\/media?parent=1285"}],"curies":[{"name":"wp","href":"https:\/\/api.w.org\/{rel}","templated":true}]}}